{"id":539,"date":"2014-07-15T17:27:52","date_gmt":"2014-07-15T15:27:52","guid":{"rendered":"https:\/\/fiskecup.com\/?page_id=539"},"modified":"2014-07-15T17:54:28","modified_gmt":"2014-07-15T15:54:28","slug":"espen","status":"publish","type":"page","link":"https:\/\/fiskecup.com\/?page_id=539","title":{"rendered":"Espen"},"content":{"rendered":"<div id=\"attachment_540\" style=\"width: 310px\" class=\"wp-caption alignleft\"><a href=\"https:\/\/fiskecup.com\/wp-content\/uploads\/2014\/07\/PC310043x.jpg\"><img loading=\"lazy\" decoding=\"async\" aria-describedby=\"caption-attachment-540\" class=\"size-medium wp-image-540\" src=\"https:\/\/fiskecup.com\/wp-content\/uploads\/2014\/07\/PC310043x-300x225.jpg\" alt=\"Truger over ski!\" width=\"300\" height=\"225\" srcset=\"https:\/\/fiskecup.com\/wp-content\/uploads\/2014\/07\/PC310043x-300x225.jpg 300w, https:\/\/fiskecup.com\/wp-content\/uploads\/2014\/07\/PC310043x.jpg 730w\" sizes=\"auto, (max-width: 300px) 100vw, 300px\" \/><\/a><p id=\"caption-attachment-540\" class=\"wp-caption-text\">Truger over ski!<\/p><\/div>\n<p>Espen, gramjegern i gjengen, er storebroren til P\u00e5l Magnus. Han veit urovekkende mye om hvor mye turutstyret hans veier. Gjerne p\u00e5 grammet! Videre er han en glad type som foretrekker truger fremfor ski. Han har som regel ansvaret for GPS og guiding. Gudene veit hvorfor da han har bevist opptil flere ganger at han ikke kan bruke GPS, lese kart eller ta ut en kompasskurs. Nattesynet hans er heller ikke s\u00e5 mye \u00e5 skryte av. Skulle du mangle telt har Espen alltids en to tre st\u00f8kken til l\u00e5ns.<\/p>\n","protected":false},"excerpt":{"rendered":"<p>Espen, gramjegern i gjengen, er storebroren til P\u00e5l Magnus. Han veit urovekkende mye om hvor mye turutstyret hans veier. Gjerne p\u00e5 grammet! Videre er han en glad type som foretrekker truger fremfor ski. Han har som regel ansvaret for GPS og guiding. Gudene veit hvorfor da han har bevist opptil flere ganger at han ikke [&hellip;]<\/p>\n","protected":false},"author":2,"featured_media":0,"parent":368,"menu_order":0,"comment_status":"open","ping_status":"open","template":"","meta":{"_monsterinsights_skip_tracking":false,"_monsterinsights_sitenote_active":false,"_monsterinsights_sitenote_note":"","_monsterinsights_sitenote_category":0,"footnotes":""},"class_list":["post-539","page","type-page","status-publish","hentry"],"_links":{"self":[{"href":"https:\/\/fiskecup.com\/index.php?rest_route=\/wp\/v2\/pages\/539","targetHints":{"allow":["GET"]}}],"collection":[{"href":"https:\/\/fiskecup.com\/index.php?rest_route=\/wp\/v2\/pages"}],"about":[{"href":"https:\/\/fiskecup.com\/index.php?rest_route=\/wp\/v2\/types\/page"}],"author":[{"embeddable":true,"href":"https:\/\/fiskecup.com\/index.php?rest_route=\/wp\/v2\/users\/2"}],"replies":[{"embeddable":true,"href":"https:\/\/fiskecup.com\/index.php?rest_route=%2Fwp%2Fv2%2Fcomments&post=539"}],"version-history":[{"count":0,"href":"https:\/\/fiskecup.com\/index.php?rest_route=\/wp\/v2\/pages\/539\/revisions"}],"up":[{"embeddable":true,"href":"https:\/\/fiskecup.com\/index.php?rest_route=\/wp\/v2\/pages\/368"}],"wp:attachment":[{"href":"https:\/\/fiskecup.com\/index.php?rest_route=%2Fwp%2Fv2%2Fmedia&parent=539"}],"curies":[{"name":"wp","href":"https:\/\/api.w.org\/{rel}","templated":true}]}}