{"id":542,"date":"2014-07-15T17:28:39","date_gmt":"2014-07-15T15:28:39","guid":{"rendered":"https:\/\/fiskecup.com\/?page_id=542"},"modified":"2014-07-15T17:28:39","modified_gmt":"2014-07-15T15:28:39","slug":"perern","status":"publish","type":"page","link":"https:\/\/fiskecup.com\/?page_id=542","title":{"rendered":"Perern"},"content":{"rendered":"<div id=\"attachment_543\" style=\"width: 310px\" class=\"wp-caption alignleft\"><a href=\"https:\/\/fiskecup.com\/wp-content\/uploads\/2014\/07\/IMG_4713x.jpg\"><img loading=\"lazy\" decoding=\"async\" aria-describedby=\"caption-attachment-543\" class=\"size-medium wp-image-543\" src=\"https:\/\/fiskecup.com\/wp-content\/uploads\/2014\/07\/IMG_4713x-300x200.jpg\" alt=\"Isfiske i mai?\" width=\"300\" height=\"200\" srcset=\"https:\/\/fiskecup.com\/wp-content\/uploads\/2014\/07\/IMG_4713x-300x200.jpg 300w, https:\/\/fiskecup.com\/wp-content\/uploads\/2014\/07\/IMG_4713x.jpg 778w\" sizes=\"auto, (max-width: 300px) 100vw, 300px\" \/><\/a><p id=\"caption-attachment-543\" class=\"wp-caption-text\">Isfiske i mai?<\/p><\/div>\n<p>Perern er en ivrig b\u00e5lbrenner. Det \u00e5 f\u00e5 sanka ved og f\u00e5 fyr p\u00e5 b\u00e5let er f\u00f8rste prioritet for denne karen. Han er ogs\u00e5 mannen som introduserte oss andre for &#8220;Tulipan&#8221;, eggelik\u00f8r og kaffe. En sikker vinner ved b\u00e5let! Perern er kokk, noe som har resultert i opptil flere gode matopplevelser i felt. Pulled pork, chili-coleslaw og pitabr\u00f8d for eksempel.<\/p>\n","protected":false},"excerpt":{"rendered":"<p>Perern er en ivrig b\u00e5lbrenner. Det \u00e5 f\u00e5 sanka ved og f\u00e5 fyr p\u00e5 b\u00e5let er f\u00f8rste prioritet for denne karen. Han er ogs\u00e5 mannen som introduserte oss andre for &#8220;Tulipan&#8221;, eggelik\u00f8r og kaffe. En sikker vinner ved b\u00e5let! Perern er kokk, noe som har resultert i opptil flere gode matopplevelser i felt. Pulled pork, [&hellip;]<\/p>\n","protected":false},"author":2,"featured_media":0,"parent":368,"menu_order":0,"comment_status":"open","ping_status":"open","template":"","meta":{"_monsterinsights_skip_tracking":false,"_monsterinsights_sitenote_active":false,"_monsterinsights_sitenote_note":"","_monsterinsights_sitenote_category":0,"footnotes":""},"class_list":["post-542","page","type-page","status-publish","hentry"],"_links":{"self":[{"href":"https:\/\/fiskecup.com\/index.php?rest_route=\/wp\/v2\/pages\/542","targetHints":{"allow":["GET"]}}],"collection":[{"href":"https:\/\/fiskecup.com\/index.php?rest_route=\/wp\/v2\/pages"}],"about":[{"href":"https:\/\/fiskecup.com\/index.php?rest_route=\/wp\/v2\/types\/page"}],"author":[{"embeddable":true,"href":"https:\/\/fiskecup.com\/index.php?rest_route=\/wp\/v2\/users\/2"}],"replies":[{"embeddable":true,"href":"https:\/\/fiskecup.com\/index.php?rest_route=%2Fwp%2Fv2%2Fcomments&post=542"}],"version-history":[{"count":0,"href":"https:\/\/fiskecup.com\/index.php?rest_route=\/wp\/v2\/pages\/542\/revisions"}],"up":[{"embeddable":true,"href":"https:\/\/fiskecup.com\/index.php?rest_route=\/wp\/v2\/pages\/368"}],"wp:attachment":[{"href":"https:\/\/fiskecup.com\/index.php?rest_route=%2Fwp%2Fv2%2Fmedia&parent=542"}],"curies":[{"name":"wp","href":"https:\/\/api.w.org\/{rel}","templated":true}]}}