{"id":550,"date":"2014-07-15T17:39:09","date_gmt":"2014-07-15T15:39:09","guid":{"rendered":"https:\/\/fiskecup.com\/?page_id=550"},"modified":"2014-07-15T17:39:09","modified_gmt":"2014-07-15T15:39:09","slug":"christian","status":"publish","type":"page","link":"https:\/\/fiskecup.com\/?page_id=550","title":{"rendered":"Christian"},"content":{"rendered":"<div id=\"attachment_504\" style=\"width: 310px\" class=\"wp-caption alignleft\"><a href=\"https:\/\/fiskecup.com\/wp-content\/uploads\/2014\/05\/IMG_6033a.jpg\"><img loading=\"lazy\" decoding=\"async\" aria-describedby=\"caption-attachment-504\" class=\"size-medium wp-image-504\" src=\"https:\/\/fiskecup.com\/wp-content\/uploads\/2014\/05\/IMG_6033a-300x200.jpg\" alt=\"Christian fors\u00f8ker igjen.\" width=\"300\" height=\"200\" srcset=\"https:\/\/fiskecup.com\/wp-content\/uploads\/2014\/05\/IMG_6033a-300x200.jpg 300w, https:\/\/fiskecup.com\/wp-content\/uploads\/2014\/05\/IMG_6033a.jpg 778w\" sizes=\"auto, (max-width: 300px) 100vw, 300px\" \/><\/a><p id=\"caption-attachment-504\" class=\"wp-caption-text\">Konsentrasjonstunga er p\u00e5 plass<\/p><\/div>\n<p>Mannen som introduserte oss andre for fluefiske har de siste \u00e5ra latt slukstanga ligge hjemme. Stort sett, han tok den fram her for en tid tilbake da han hadde brukket fingeren. Kunne ikke la det hindre han fra \u00e5 f\u00e5 fiska litt. Ellers liker Christian kaffe, og er fra tid til annen veldig avansert da han lager seg kaffe i felt. Christian har fra tid til annen ogs\u00e5 fors\u00f8kt \u00e5 gro fram en liten &#8220;Lenth&#8221; p\u00e5 leppa, men den forsvinner som regel fort igjen.<\/p>\n","protected":false},"excerpt":{"rendered":"<p>Mannen som introduserte oss andre for fluefiske har de siste \u00e5ra latt slukstanga ligge hjemme. Stort sett, han tok den fram her for en tid tilbake da han hadde brukket fingeren. Kunne ikke la det hindre han fra \u00e5 f\u00e5 fiska litt. Ellers liker Christian kaffe, og er fra tid til annen veldig avansert da [&hellip;]<\/p>\n","protected":false},"author":2,"featured_media":0,"parent":368,"menu_order":0,"comment_status":"open","ping_status":"open","template":"","meta":{"_monsterinsights_skip_tracking":false,"_monsterinsights_sitenote_active":false,"_monsterinsights_sitenote_note":"","_monsterinsights_sitenote_category":0,"footnotes":""},"class_list":["post-550","page","type-page","status-publish","hentry"],"_links":{"self":[{"href":"https:\/\/fiskecup.com\/index.php?rest_route=\/wp\/v2\/pages\/550","targetHints":{"allow":["GET"]}}],"collection":[{"href":"https:\/\/fiskecup.com\/index.php?rest_route=\/wp\/v2\/pages"}],"about":[{"href":"https:\/\/fiskecup.com\/index.php?rest_route=\/wp\/v2\/types\/page"}],"author":[{"embeddable":true,"href":"https:\/\/fiskecup.com\/index.php?rest_route=\/wp\/v2\/users\/2"}],"replies":[{"embeddable":true,"href":"https:\/\/fiskecup.com\/index.php?rest_route=%2Fwp%2Fv2%2Fcomments&post=550"}],"version-history":[{"count":0,"href":"https:\/\/fiskecup.com\/index.php?rest_route=\/wp\/v2\/pages\/550\/revisions"}],"up":[{"embeddable":true,"href":"https:\/\/fiskecup.com\/index.php?rest_route=\/wp\/v2\/pages\/368"}],"wp:attachment":[{"href":"https:\/\/fiskecup.com\/index.php?rest_route=%2Fwp%2Fv2%2Fmedia&parent=550"}],"curies":[{"name":"wp","href":"https:\/\/api.w.org\/{rel}","templated":true}]}}